{"id":252,"date":"2023-10-02T13:14:25","date_gmt":"2023-10-02T11:14:25","guid":{"rendered":"http:\/\/ebersgoenser-backhausverein.de\/?page_id=252"},"modified":"2023-10-02T13:25:04","modified_gmt":"2023-10-02T11:25:04","slug":"neuigkeiten","status":"publish","type":"page","link":"https:\/\/ebersgoenser-backhausverein.de\/index.php\/neuigkeiten\/","title":{"rendered":"Neuigkeiten"},"content":{"rendered":"\n<div class=\"wp-block-query is-layout-flow wp-block-query-is-layout-flow\"><ul class=\"wp-block-post-template is-layout-flow wp-block-post-template-is-layout-flow\"><li class=\"wp-block-post post-387 post type-post status-publish format-standard hentry category-allgemein\">\n<h2 class=\"wp-block-post-title\"><a href=\"https:\/\/ebersgoenser-backhausverein.de\/index.php\/2025\/11\/18\/mitgliederversammlung-2025\/\" target=\"_self\" >Mitgliederversammlung 2025<\/a><\/h2>\n\n<div class=\"wp-block-post-excerpt\"><p class=\"wp-block-post-excerpt__excerpt\">Donnerstag 20. November 2025, um 20:00 Uhr,im Haus Siloah (Obergeschoss) in Ebersg\u00f6ns <\/p><\/div>\n\n\n<hr class=\"wp-block-separator has-css-opacity\"\/>\n\n\n<div class=\"wp-block-post-date\"><time datetime=\"2025-11-18T14:47:24+01:00\">18. November 2025<\/time><\/div>\n<\/li><li class=\"wp-block-post post-377 post type-post status-publish format-standard hentry category-allgemein\">\n<h2 class=\"wp-block-post-title\"><a href=\"https:\/\/ebersgoenser-backhausverein.de\/index.php\/2025\/09\/22\/am-03-oktober-2025-findet-unser-alljaehrliches-backhausfest-statt\/\" target=\"_self\" >Am 03.Oktober 2025 findet unser allj\u00e4hrliches Backhausfest statt.<\/a><\/h2>\n\n<div class=\"wp-block-post-excerpt\"><p class=\"wp-block-post-excerpt__excerpt\">ab 12 Uhr gibt es:Pizza, Zwiwwelkuchen, Apfelschorle, Wasser, Rotwein (trocken\/lieblich),Federwei\u00dfer und Bier.Ab 15 Uhr gibt es frischen Kaffee und Blechkuchen aus unserem Backofen. <\/p><\/div>\n\n\n<hr class=\"wp-block-separator has-css-opacity\"\/>\n\n\n<div class=\"wp-block-post-date\"><time datetime=\"2025-09-22T20:24:43+02:00\">22. September 2025<\/time><\/div>\n<\/li><li class=\"wp-block-post post-357 post type-post status-publish format-standard hentry category-allgemein\">\n<h2 class=\"wp-block-post-title\"><a href=\"https:\/\/ebersgoenser-backhausverein.de\/index.php\/2024\/11\/14\/14-12-2024-weihnachtsmarkt\/\" target=\"_self\" >14.12.2024 Weihnachtsmarkt<\/a><\/h2>\n\n<div class=\"wp-block-post-excerpt\"><p class=\"wp-block-post-excerpt__excerpt\">Am 14.12.2024 findet unser allseits beliebter Weihnachtsmarkt vor unserem Backhaus statt.Wir feiern mit euch bei selbst gebrautem Gl\u00f6gg, Gl\u00fchwein, und div. anderen Getr\u00e4nken, sowie Leckerein zum Essen f\u00fcr Gro\u00df und Klein. Es landen die Vereine aus Ebersg\u00f6ns zu einem geselligem &hellip; Weiterlesen &rarr; <\/p><\/div>\n\n\n<hr class=\"wp-block-separator has-css-opacity\"\/>\n\n\n<div class=\"wp-block-post-date\"><time datetime=\"2024-11-14T19:40:12+01:00\">14. November 2024<\/time><\/div>\n<\/li><\/ul><\/div>\n","protected":false},"excerpt":{"rendered":"","protected":false},"author":2,"featured_media":0,"parent":0,"menu_order":6,"comment_status":"closed","ping_status":"closed","template":"","meta":{"footnotes":""},"class_list":["post-252","page","type-page","status-publish","hentry"],"_links":{"self":[{"href":"https:\/\/ebersgoenser-backhausverein.de\/index.php\/wp-json\/wp\/v2\/pages\/252","targetHints":{"allow":["GET"]}}],"collection":[{"href":"https:\/\/ebersgoenser-backhausverein.de\/index.php\/wp-json\/wp\/v2\/pages"}],"about":[{"href":"https:\/\/ebersgoenser-backhausverein.de\/index.php\/wp-json\/wp\/v2\/types\/page"}],"author":[{"embeddable":true,"href":"https:\/\/ebersgoenser-backhausverein.de\/index.php\/wp-json\/wp\/v2\/users\/2"}],"replies":[{"embeddable":true,"href":"https:\/\/ebersgoenser-backhausverein.de\/index.php\/wp-json\/wp\/v2\/comments?post=252"}],"version-history":[{"count":4,"href":"https:\/\/ebersgoenser-backhausverein.de\/index.php\/wp-json\/wp\/v2\/pages\/252\/revisions"}],"predecessor-version":[{"id":286,"href":"https:\/\/ebersgoenser-backhausverein.de\/index.php\/wp-json\/wp\/v2\/pages\/252\/revisions\/286"}],"wp:attachment":[{"href":"https:\/\/ebersgoenser-backhausverein.de\/index.php\/wp-json\/wp\/v2\/media?parent=252"}],"curies":[{"name":"wp","href":"https:\/\/api.w.org\/{rel}","templated":true}]}}