{"id":223,"date":"2023-10-02T12:34:26","date_gmt":"2023-10-02T10:34:26","guid":{"rendered":"http:\/\/ebersgoenser-backhausverein.de\/?page_id=223"},"modified":"2023-11-24T13:19:08","modified_gmt":"2023-11-24T12:19:08","slug":"rezepte","status":"publish","type":"page","link":"https:\/\/ebersgoenser-backhausverein.de\/index.php\/rezepte\/","title":{"rendered":"Rezepte"},"content":{"rendered":"\n<p>Rezepte rund um backen im Backhaus.<\/p>\n\n\n\n<div class=\"wp-block-group\"><div class=\"wp-block-group__inner-container is-layout-constrained wp-block-group-is-layout-constrained\"><\/div><\/div>\n\n\n\n<p><a href=\"https:\/\/ebersgoenser-backhausverein.de\/wp-content\/uploads\/2023\/10\/Lohkuchen.pdf\" target=\"_blank\" rel=\"noreferrer noopener\">Lohkuchen  <\/a><\/p>\n\n\n\n<figure class=\"wp-block-image is-resized\"><img loading=\"lazy\" decoding=\"async\" width=\"421\" height=\"317\" src=\"https:\/\/ebersgoenser-backhausverein.de\/wp-content\/uploads\/2023\/10\/Lohkuchen.jpg\" alt=\"\" class=\"wp-image-229\" style=\"width:189px;height:142px\" srcset=\"https:\/\/ebersgoenser-backhausverein.de\/wp-content\/uploads\/2023\/10\/Lohkuchen.jpg 421w, https:\/\/ebersgoenser-backhausverein.de\/wp-content\/uploads\/2023\/10\/Lohkuchen-300x226.jpg 300w\" sizes=\"auto, (max-width: 421px) 100vw, 421px\" \/><\/figure>\n\n\n\n<h1 class=\"wp-block-heading has-medium-font-size\">Unsere Rezeptideen f\u00fcr Sie zum Nachbacken<\/h1>\n\n\n\n<p class=\"has-small-font-size\">Mittlerweile haben wir bereits ein paar Jahre Brotback-Erfahrung auf dem Buckel.\u00a0H\u00e4ufig\u00a0sind es\u00a0die kleinen Dinge, die dar\u00fcber entscheiden, ob ein Brot gut wird oder sehr gut. Diese kleinen Kniffe und Tricks bei der Vorbereitung, im Umgang mit dem Teig und beim anschlie\u00dfenden Backen teilen wir gerne mit Ihnen. Wir freuen uns, wenn Sie an einem unserer zuk\u00fcnfitgen Backtage, mit Ihrem Teig vorbeikommen um mit uns gemeinsam zu Backen.<\/p>\n\n\n\n<p class=\"has-small-font-size\">Falls Sie einmal keine Zeit haben bei uns vorbeizuschauen, haben wir hier ein paar Rezeptideen f\u00fcr das Backen im heimischen Herd.\u00a0<br><strong>Wir w\u00fcnschen viel Erfolg und guten Appetit!<\/strong><\/p>\n\n\n\n<p>&#8211; &#8211; &#8211; &#8211; &#8211; &#8211; &#8211; &#8211; &#8211; &#8211; &#8211; &#8211; &#8211; &#8211; &#8211; &#8211; &#8211; &#8211; &#8211;<\/p>\n\n\n\n<h1 class=\"wp-block-heading has-medium-font-size\">\u201eEwerschgieser Backhausbrot\u201c &#8211; Roggenmischbrot<\/h1>\n\n\n\n<p class=\"has-small-font-size\"><em><strong>ZUTATEN<\/strong>&nbsp;(f\u00fcr ca. 4 Brote)<\/em><\/p>\n\n\n\n<p class=\"has-small-font-size\"><strong>Vorteig<br><\/strong>1.000 g Roggenmehl<br>400 g Sauerteigansatz (z.B. vom Backhausverein)<br>1 Ltr. handwarmes Wasser<\/p>\n\n\n\n<p class=\"has-small-font-size\"><strong>Brotteig<\/strong><strong><br><\/strong>400 g 6-Korn-Getreidemischung (o.\u00e4.)<br>1 Ltr. Wasser<br>1\u00bd EL Salz<br>1 W\u00fcrfel Hefe<br>1.000 g Weizenmehl<br>100 g Sonnenblumenkerne<\/p>\n\n\n\n<p class=\"has-small-font-size\"><em><strong>ZUBEREITUNG<\/strong><\/em><\/p>\n\n\n\n<p class=\"has-small-font-size\"><strong>Vorteig<\/strong><strong><br><\/strong>Das Roggenmehl in eine Sch\u00fcssel geben und eine Mehlmulde bilden. In die Mulde erst den Sauerteigansatz, anschlie\u00dfend langsam das Wasser geben und alles gut verkneten. Den Vorteig 4 Std. an einem warmen Ort gehen lassen.<\/p>\n\n\n\n<p class=\"has-small-font-size\"><strong>Vorarbeiten Brotteig<\/strong><strong><br><\/strong>Die 6-Korn-Getreidemischung und die Sonnenblumenkerne jeweils mit hei\u00dfem Wasser \u00fcbergie\u00dfen. Die K\u00f6rner mindestens 4 Std. ausquellen lassen. Die K\u00f6rner durch ein Sieb abgie\u00dfen, das Quellwasser aufbewahren.<\/p>\n\n\n\n<p class=\"has-small-font-size\"><strong>Brotteig<\/strong><strong><br><\/strong>Wenn sich der Vorteig verdoppelt hat, das Salz, die Hefe, das Weizenmehl und 0,5 Ltr. handwarmes Wasser in den Teig geben und alles verkneten.<br>Dann die eingeweichten K\u00f6rner untermischen. Der Teig sollte nicht zu fest werden. Bei Bedarf vorsichtig etwas von dem Quellwasser hinzuf\u00fcgen. Zum Schluss die Sonnenblumenkerne untermengen. Den verkneteten Teig abdecken und 45 min. gehen lassen.<br>G\u00e4rk\u00f6rbchen bemehlen, den Teig teilen und in die G\u00e4rk\u00f6rbchen geben. Die Brote in den G\u00e4rk\u00f6rbchen nochmals gehen lassen (ca. 30 min.).<\/p>\n\n\n\n<p class=\"has-small-font-size\"><strong>Backofen vorbereiten<\/strong><strong><br><\/strong>Holzbackofen auf ca. 300\u00b0C Ober- und 270\u00b0C Unterhitze vorheizen bzw. Elektrobackofen auf 220\u00b0C.<\/p>\n\n\n\n<p class=\"has-small-font-size\"><strong>Backen<\/strong><strong><br><\/strong>Brotteig aus den G\u00e4rk\u00f6rbchen auf einen bemehlten Einschie\u00dfer st\u00fcrzen, Oberseite schr\u00e4g einschneiden, in den Ofen einschiessen. Backraum mit Wasser (Wasserschlauch bzw. Spr\u00fchflasche) beschwaden. Im Holzbackofen mit der fallenden Hitze ca. 35-45 min. backen. Im Elektrobackofen ca. 20 min. bei 220\u00b0C backen, dann ca. 70 min. bei 180-190\u00b0C. Den Schwaden nach ca. 10-15 min. durch \u00f6ffnen der Ofent\u00fcr entweichen lassen. Ofent\u00fcr wieder schlie\u00dfen. Das Brot ist ausgebacken, wenn&nbsp;es beim Klopfen auf die Unterseite des Brotes hohl klingt.<\/p>\n\n\n\n<p class=\"has-small-font-size\"><strong>Hinweis<\/strong><strong><br><\/strong>Die 6-Korn-Getreidemischung kann, je nach Geschmack, auch durch andere K\u00f6rner ersetzt werden.<\/p>\n\n\n\n<p>&#8211; &#8211; &#8211; &#8211; &#8211; &#8211; &#8211; &#8211; &#8211; &#8211; &#8211; &#8211; &#8211; &#8211; &#8211; &#8211; &#8211; &#8211; &#8211;<\/p>\n\n\n\n<h1 class=\"wp-block-heading has-medium-font-size\">Streuselst\u00fcckchen<\/h1>\n\n\n\n<p class=\"has-small-font-size\"><em><strong>ZUTATEN<\/strong>\u00a0(f\u00fcr ca. 40 Streuselst\u00fccken)<\/em><\/p>\n\n\n\n<p class=\"has-small-font-size\"><strong>Hefeteig<br><\/strong>1.000 g Weizenmehl Type 550<br>330 ml Milch<br>etwa 200 ml warmes Wasser, je nach Teigkonsistenz<br>170 g Zucker<br>140 g Butter<br>2 Eier (oder 4 Eigelb)<br>30 g Hefe<br>1 Prise Salz<\/p>\n\n\n\n<p class=\"has-small-font-size\"><strong>F\u00fcr den Streuselbelag<br><\/strong>500 g Weizenmehl Type 550<br>300 g Kristallzucker<br>320 g Butter<br>1 Msp. Vanillepulver<\/p>\n\n\n\n<p class=\"has-small-font-size\"><strong>F\u00fcr die Eistreiche<br><\/strong>2 Eier<br>1 Prise Salz<br>4 Tropfen Wasser<\/p>\n\n\n\n<p class=\"has-small-font-size\"><em><strong>ZUBEREITUNG<\/strong><\/em><\/p>\n\n\n\n<p class=\"has-small-font-size\"><strong>Streuselbelag<br><\/strong>Die Butter in St\u00fccke schneiden. Dann alle Zutaten auf einer Arbeitsfl\u00e4che mit den H\u00e4nden zu gleichm\u00e4\u00dfigen Streuseln verarbeiten. Die Streusel bis zur weiteren Verarbeitung k\u00fchl stellen.<\/p>\n\n\n\n<p class=\"has-small-font-size\"><strong>Eistreiche<br><\/strong>Alle Zutaten verr\u00fchren und beiseite stellen.<\/p>\n\n\n\n<p class=\"has-small-font-size\"><strong>Hefeteig<br><\/strong>Alle Zutaten einige Stunden vorher bei Zimmertemperatur lagern, damit diese alle eine gleichm\u00e4\u00dfige Temperatur haben. Dann alle Zutaten in eine Knetsch\u00fcssel geben, wobei die Hefe vorher in etwas Wasser aufgel\u00f6st wird. Nun wird alles zu einem glatten Teig verarbeitet. Der Teig muss jetzt an einem ruhigen, warmen Platz mindestens eine halbe Stunde zugedeckt ruhen.<br>Den Teig nun in zwanzig kleine St\u00fccke aufteilen und zu Kugeln rollen. Die Teigkugeln m\u00fcssen dann noch einmal 20 Minuten ruhen. Nach der Ruhezeit werden die Kugeln zu Fladen (ca. 12 cm Durchmesser) ausgerollt und auf das Backblech gelegt um dort eine weitere halbe Stunde zu gehen (auf gen\u00fcgend Abstand achten, ca. Fingerbreit).<br>Ungef\u00e4hr nach der H\u00e4lfte der Ruhezeit werden die Fladen mit der Eistreiche bestrichen und die Streusel aufgelegt. Die Fladen wieder abdecken und zu Ende ruhen lassen.<\/p>\n\n\n\n<p class=\"has-small-font-size\"><strong>Backen<br><\/strong>Danach werden die Teigfladen bei einer Ofentemperatur von 230\u00b0C in ca. 14 Minuten fertig gebacken.<\/p>\n\n\n\n<p>&#8211; &#8211; &#8211; &#8211; &#8211; &#8211; &#8211; &#8211; &#8211; &#8211; &#8211; &#8211; &#8211; &#8211; &#8211; &#8211; &#8211; &#8211; &#8211;<\/p>\n","protected":false},"excerpt":{"rendered":"<p>Rezepte rund um backen im Backhaus. Lohkuchen Unsere Rezeptideen f\u00fcr Sie zum Nachbacken Mittlerweile haben wir bereits ein paar Jahre Brotback-Erfahrung auf dem Buckel.\u00a0H\u00e4ufig\u00a0sind es\u00a0die kleinen Dinge, die dar\u00fcber entscheiden, ob ein Brot gut wird oder sehr gut. Diese kleinen &hellip; <a href=\"https:\/\/ebersgoenser-backhausverein.de\/index.php\/rezepte\/\">Weiterlesen <span class=\"meta-nav\">&rarr;<\/span><\/a><\/p>\n","protected":false},"author":2,"featured_media":229,"parent":0,"menu_order":4,"comment_status":"closed","ping_status":"closed","template":"","meta":{"footnotes":""},"class_list":["post-223","page","type-page","status-publish","has-post-thumbnail","hentry"],"_links":{"self":[{"href":"https:\/\/ebersgoenser-backhausverein.de\/index.php\/wp-json\/wp\/v2\/pages\/223","targetHints":{"allow":["GET"]}}],"collection":[{"href":"https:\/\/ebersgoenser-backhausverein.de\/index.php\/wp-json\/wp\/v2\/pages"}],"about":[{"href":"https:\/\/ebersgoenser-backhausverein.de\/index.php\/wp-json\/wp\/v2\/types\/page"}],"author":[{"embeddable":true,"href":"https:\/\/ebersgoenser-backhausverein.de\/index.php\/wp-json\/wp\/v2\/users\/2"}],"replies":[{"embeddable":true,"href":"https:\/\/ebersgoenser-backhausverein.de\/index.php\/wp-json\/wp\/v2\/comments?post=223"}],"version-history":[{"count":18,"href":"https:\/\/ebersgoenser-backhausverein.de\/index.php\/wp-json\/wp\/v2\/pages\/223\/revisions"}],"predecessor-version":[{"id":304,"href":"https:\/\/ebersgoenser-backhausverein.de\/index.php\/wp-json\/wp\/v2\/pages\/223\/revisions\/304"}],"wp:featuredmedia":[{"embeddable":true,"href":"https:\/\/ebersgoenser-backhausverein.de\/index.php\/wp-json\/wp\/v2\/media\/229"}],"wp:attachment":[{"href":"https:\/\/ebersgoenser-backhausverein.de\/index.php\/wp-json\/wp\/v2\/media?parent=223"}],"curies":[{"name":"wp","href":"https:\/\/api.w.org\/{rel}","templated":true}]}}