{"id":202,"date":"2023-10-02T10:33:01","date_gmt":"2023-10-02T08:33:01","guid":{"rendered":"http:\/\/ebersgoenser-backhausverein.de\/?page_id=202"},"modified":"2023-10-04T15:15:32","modified_gmt":"2023-10-04T13:15:32","slug":"mitglied-werden","status":"publish","type":"page","link":"https:\/\/ebersgoenser-backhausverein.de\/index.php\/herzlich-willkommen-beim-ebersgoenser-backhausverein-e-v\/mitglied-werden\/","title":{"rendered":"Mitglied werden"},"content":{"rendered":"\n<p>Sie m\u00f6chten unseren Ebersg\u00f6nser Backhausverein unterst\u00fctzen und Mitglied werden? <br>Dann f\u00fcllen Sie ganz einfach das aus und schicken es uns zu. Der Mitgliedsbeitrag betr\u00e4gt&nbsp;<strong>j\u00e4hrlich 12 Euro<\/strong>.<\/p>\n\n\n\n<p class=\"has-text-align-center\"><strong>Helfen Sie mit! Bringen Sie sich ein!<\/strong><br><strong>Werden Sie Mitglied im Backhausverein!<\/strong><\/p>\n\n\n\n<p>Wir freuen uns \u00fcber jeden, der als aktives oder passives Mitglied dazu beitragen m\u00f6chte, das historische Ebersg\u00f6nser Backhaus zu erhalten.<br><br><\/p>\n\n\n\n<div class=\"wp-block-buttons is-layout-flex wp-block-buttons-is-layout-flex\">\n<div class=\"wp-block-button is-style-fill\"><a class=\"wp-block-button__link has-background wp-element-button\" href=\"https:\/\/ebersgoenser-backhausverein.de\/wp-content\/uploads\/2023\/10\/Beitrittserklaerung-2023-10-1.pdf\" style=\"background-color:#7d6a3c\">Beitrittserkl\u00e4rung<\/a><\/div>\n<\/div>\n","protected":false},"excerpt":{"rendered":"<p>Sie m\u00f6chten unseren Ebersg\u00f6nser Backhausverein unterst\u00fctzen und Mitglied werden? Dann f\u00fcllen Sie ganz einfach das aus und schicken es uns zu. Der Mitgliedsbeitrag betr\u00e4gt&nbsp;j\u00e4hrlich 12 Euro. Helfen Sie mit! Bringen Sie sich ein!Werden Sie Mitglied im Backhausverein! Wir freuen uns &hellip; <a href=\"https:\/\/ebersgoenser-backhausverein.de\/index.php\/herzlich-willkommen-beim-ebersgoenser-backhausverein-e-v\/mitglied-werden\/\">Weiterlesen <span class=\"meta-nav\">&rarr;<\/span><\/a><\/p>\n","protected":false},"author":2,"featured_media":138,"parent":170,"menu_order":6,"comment_status":"closed","ping_status":"closed","template":"","meta":{"footnotes":""},"class_list":["post-202","page","type-page","status-publish","has-post-thumbnail","hentry"],"_links":{"self":[{"href":"https:\/\/ebersgoenser-backhausverein.de\/index.php\/wp-json\/wp\/v2\/pages\/202","targetHints":{"allow":["GET"]}}],"collection":[{"href":"https:\/\/ebersgoenser-backhausverein.de\/index.php\/wp-json\/wp\/v2\/pages"}],"about":[{"href":"https:\/\/ebersgoenser-backhausverein.de\/index.php\/wp-json\/wp\/v2\/types\/page"}],"author":[{"embeddable":true,"href":"https:\/\/ebersgoenser-backhausverein.de\/index.php\/wp-json\/wp\/v2\/users\/2"}],"replies":[{"embeddable":true,"href":"https:\/\/ebersgoenser-backhausverein.de\/index.php\/wp-json\/wp\/v2\/comments?post=202"}],"version-history":[{"count":7,"href":"https:\/\/ebersgoenser-backhausverein.de\/index.php\/wp-json\/wp\/v2\/pages\/202\/revisions"}],"predecessor-version":[{"id":268,"href":"https:\/\/ebersgoenser-backhausverein.de\/index.php\/wp-json\/wp\/v2\/pages\/202\/revisions\/268"}],"up":[{"embeddable":true,"href":"https:\/\/ebersgoenser-backhausverein.de\/index.php\/wp-json\/wp\/v2\/pages\/170"}],"wp:featuredmedia":[{"embeddable":true,"href":"https:\/\/ebersgoenser-backhausverein.de\/index.php\/wp-json\/wp\/v2\/media\/138"}],"wp:attachment":[{"href":"https:\/\/ebersgoenser-backhausverein.de\/index.php\/wp-json\/wp\/v2\/media?parent=202"}],"curies":[{"name":"wp","href":"https:\/\/api.w.org\/{rel}","templated":true}]}}