{"id":191,"date":"2023-10-02T10:05:29","date_gmt":"2023-10-02T08:05:29","guid":{"rendered":"http:\/\/ebersgoenser-backhausverein.de\/?page_id=191"},"modified":"2024-12-17T13:50:40","modified_gmt":"2024-12-17T12:50:40","slug":"vorstand","status":"publish","type":"page","link":"https:\/\/ebersgoenser-backhausverein.de\/index.php\/herzlich-willkommen-beim-ebersgoenser-backhausverein-e-v\/vorstand\/","title":{"rendered":"Vorstand"},"content":{"rendered":"\n<p>Der Gr\u00fcndungsvorstand wurde am 23. Oktober 2012 anl\u00e4sslich der Gr\u00fcndungsversammlung gew\u00e4hlt. Der aktuelle Vorstand setzt sich wie folgt zusammen:<\/p>\n\n\n\n<p><strong>Vorsitzender &amp; Anheizer<br><\/strong>Stephan Gallus<\/p>\n\n\n\n<p><strong>Stv. Vorsitzender &amp; \u00d6ffentlichkeitsarbeit<br><em>Peter Oettinger<\/em><\/strong><\/p>\n\n\n\n<p><strong>Kassenwart &amp; Webseite <\/strong><br><strong><em>Andreas Hedrich<\/em><\/strong><\/p>\n\n\n\n<p><strong>Pressesprecher &amp;<\/strong> <strong>Schriftf\u00fchrer<\/strong><br><em><strong>Ben Seip<\/strong><\/em><br><\/p>\n\n\n\n<p><strong>Erweiterter Vorstand<\/strong><br>&nbsp;***<\/p>\n\n\n\n<p><strong>Kassenpr\u00fcfer\/in<\/strong><br><\/p>\n\n\n\n<p>&nbsp;***<\/p>\n\n\n\n<p>Zum aktuellen Vorsitz siehe&nbsp;<a href=\"https:\/\/ebersgoenser-backhausverein.de\/index.php\/herzlich-willkommen-beim-ebersgoenser-backhausverein-e-v\/impressum\/\">Impressum<\/a>.<\/p>\n","protected":false},"excerpt":{"rendered":"<p>Der Gr\u00fcndungsvorstand wurde am 23. Oktober 2012 anl\u00e4sslich der Gr\u00fcndungsversammlung gew\u00e4hlt. Der aktuelle Vorstand setzt sich wie folgt zusammen: Vorsitzender &amp; AnheizerStephan Gallus Stv. Vorsitzender &amp; \u00d6ffentlichkeitsarbeitPeter Oettinger Kassenwart &amp; Webseite Andreas Hedrich Pressesprecher &amp; Schriftf\u00fchrerBen Seip Erweiterter Vorstand&nbsp;*** Kassenpr\u00fcfer\/in &hellip; <a href=\"https:\/\/ebersgoenser-backhausverein.de\/index.php\/herzlich-willkommen-beim-ebersgoenser-backhausverein-e-v\/vorstand\/\">Weiterlesen <span class=\"meta-nav\">&rarr;<\/span><\/a><\/p>\n","protected":false},"author":2,"featured_media":0,"parent":170,"menu_order":3,"comment_status":"closed","ping_status":"closed","template":"","meta":{"footnotes":""},"class_list":["post-191","page","type-page","status-publish","hentry"],"_links":{"self":[{"href":"https:\/\/ebersgoenser-backhausverein.de\/index.php\/wp-json\/wp\/v2\/pages\/191","targetHints":{"allow":["GET"]}}],"collection":[{"href":"https:\/\/ebersgoenser-backhausverein.de\/index.php\/wp-json\/wp\/v2\/pages"}],"about":[{"href":"https:\/\/ebersgoenser-backhausverein.de\/index.php\/wp-json\/wp\/v2\/types\/page"}],"author":[{"embeddable":true,"href":"https:\/\/ebersgoenser-backhausverein.de\/index.php\/wp-json\/wp\/v2\/users\/2"}],"replies":[{"embeddable":true,"href":"https:\/\/ebersgoenser-backhausverein.de\/index.php\/wp-json\/wp\/v2\/comments?post=191"}],"version-history":[{"count":8,"href":"https:\/\/ebersgoenser-backhausverein.de\/index.php\/wp-json\/wp\/v2\/pages\/191\/revisions"}],"predecessor-version":[{"id":369,"href":"https:\/\/ebersgoenser-backhausverein.de\/index.php\/wp-json\/wp\/v2\/pages\/191\/revisions\/369"}],"up":[{"embeddable":true,"href":"https:\/\/ebersgoenser-backhausverein.de\/index.php\/wp-json\/wp\/v2\/pages\/170"}],"wp:attachment":[{"href":"https:\/\/ebersgoenser-backhausverein.de\/index.php\/wp-json\/wp\/v2\/media?parent=191"}],"curies":[{"name":"wp","href":"https:\/\/api.w.org\/{rel}","templated":true}]}}