{"id":183,"date":"2023-10-02T09:44:28","date_gmt":"2023-10-02T07:44:28","guid":{"rendered":"http:\/\/ebersgoenser-backhausverein.de\/?page_id=183"},"modified":"2023-10-02T09:48:46","modified_gmt":"2023-10-02T07:48:46","slug":"der-verein","status":"publish","type":"page","link":"https:\/\/ebersgoenser-backhausverein.de\/index.php\/herzlich-willkommen-beim-ebersgoenser-backhausverein-e-v\/der-verein\/","title":{"rendered":"Der Verein"},"content":{"rendered":"\n<p><\/p>\n\n\n\n<p><span style=\"color: rgb(26, 26, 26); font-family: Merriweather, Georgia, serif; font-size: 16px; font-style: normal; font-variant-ligatures: normal; font-variant-caps: normal; font-weight: 400; letter-spacing: normal; orphans: 2; text-align: start; text-indent: 0px; text-transform: none; widows: 2; word-spacing: 0px; -webkit-text-stroke-width: 0px; white-space: normal; background-color: rgb(247, 244, 239); text-decoration-thickness: initial; text-decoration-style: initial; text-decoration-color: initial; display: inline !important; float: none;\">Ziel und Zweck des Vereins ist es, Orte kultureller Bedeutung \u2013 insbesondere das Backhaus \u2013 zu erhalten sowie das kulturelle und gemeinschaftliche Zusammenleben in Ebersg\u00f6ns zu f\u00f6rdern.<\/span><\/p>\n\n\n\n<p><\/p>\n\n\n\n<p><strong>Die Nutzung des Backhauses durch die heimischen Vereine<\/strong><\/p>\n\n\n\n<p>Das Backhaus wird gerne von Vereinen genutzt. So z.B. f\u00fchrt regelm\u00e4\u00dfig der Hoch &amp; Weit seinen Tanz in den Mai vor dem Backhaus durch, oder die Ewerschgieser Hoingkm\u00e4nner nutzen es gerne f\u00fcr interne Feste. Der Gemischte Chor traf sich bis vor ein paar Jahren noch zum \u201eSingen am Backhaus\u201c, und die Kindergartenkinder\u00a0 f\u00fchren regelm\u00e4\u00dfig mit der Familie Horn einen Backtag durch.<\/p>\n\n\n\n<p>Dem Vereinsring dient das Haus als Kulisse f\u00fcr den Weihnachtsmarkt und f\u00fcr Kunstausstellungen. Hier wurde nicht nur Brot gebacken, sondern auch Pizza oder Kuchen, wie z.B. beim \u201eEwerschgieser Quetschekuche-Esse\u201c; sogar G\u00e4nse und Wildschweine wurden dort gebraten.<\/p>\n","protected":false},"excerpt":{"rendered":"<p>Ziel und Zweck des Vereins ist es, Orte kultureller Bedeutung \u2013 insbesondere das Backhaus \u2013 zu erhalten sowie das kulturelle und gemeinschaftliche Zusammenleben in Ebersg\u00f6ns zu f\u00f6rdern. Die Nutzung des Backhauses durch die heimischen Vereine Das Backhaus wird gerne von &hellip; <a href=\"https:\/\/ebersgoenser-backhausverein.de\/index.php\/herzlich-willkommen-beim-ebersgoenser-backhausverein-e-v\/der-verein\/\">Weiterlesen <span class=\"meta-nav\">&rarr;<\/span><\/a><\/p>\n","protected":false},"author":2,"featured_media":0,"parent":170,"menu_order":0,"comment_status":"closed","ping_status":"closed","template":"","meta":{"footnotes":""},"class_list":["post-183","page","type-page","status-publish","hentry"],"_links":{"self":[{"href":"https:\/\/ebersgoenser-backhausverein.de\/index.php\/wp-json\/wp\/v2\/pages\/183","targetHints":{"allow":["GET"]}}],"collection":[{"href":"https:\/\/ebersgoenser-backhausverein.de\/index.php\/wp-json\/wp\/v2\/pages"}],"about":[{"href":"https:\/\/ebersgoenser-backhausverein.de\/index.php\/wp-json\/wp\/v2\/types\/page"}],"author":[{"embeddable":true,"href":"https:\/\/ebersgoenser-backhausverein.de\/index.php\/wp-json\/wp\/v2\/users\/2"}],"replies":[{"embeddable":true,"href":"https:\/\/ebersgoenser-backhausverein.de\/index.php\/wp-json\/wp\/v2\/comments?post=183"}],"version-history":[{"count":1,"href":"https:\/\/ebersgoenser-backhausverein.de\/index.php\/wp-json\/wp\/v2\/pages\/183\/revisions"}],"predecessor-version":[{"id":184,"href":"https:\/\/ebersgoenser-backhausverein.de\/index.php\/wp-json\/wp\/v2\/pages\/183\/revisions\/184"}],"up":[{"embeddable":true,"href":"https:\/\/ebersgoenser-backhausverein.de\/index.php\/wp-json\/wp\/v2\/pages\/170"}],"wp:attachment":[{"href":"https:\/\/ebersgoenser-backhausverein.de\/index.php\/wp-json\/wp\/v2\/media?parent=183"}],"curies":[{"name":"wp","href":"https:\/\/api.w.org\/{rel}","templated":true}]}}