{"id":170,"date":"2023-10-02T08:59:12","date_gmt":"2023-10-02T06:59:12","guid":{"rendered":"http:\/\/ebersgoenser-backhausverein.de\/?page_id=170"},"modified":"2023-10-02T10:55:44","modified_gmt":"2023-10-02T08:55:44","slug":"herzlich-willkommen-beim-ebersgoenser-backhausverein-e-v","status":"publish","type":"page","link":"https:\/\/ebersgoenser-backhausverein.de\/index.php\/herzlich-willkommen-beim-ebersgoenser-backhausverein-e-v\/","title":{"rendered":"Verein"},"content":{"rendered":"\n<p><\/p>\n\n\n\n<p>Der Ebersg\u00f6nser Backhausverein e.V. wurde gegr\u00fcndet mit dem Zweck, Orte kultureller Bedeutung, insbesondere das Backhaus, zu erhalten sowie das kulturelle und gemeinschaftliche Zusammenleben in Ebersg\u00f6ns zu f\u00f6rdern.<\/p>\n\n\n\n<div class=\"wp-block-group\"><div class=\"wp-block-group__inner-container is-layout-constrained wp-block-group-is-layout-constrained\">\n<div class=\"wp-block-group\"><div class=\"wp-block-group__inner-container is-layout-constrained wp-block-group-is-layout-constrained\">\n<div class=\"wp-block-media-text has-media-on-the-right is-stacked-on-mobile is-vertically-aligned-bottom\" style=\"grid-template-columns:auto 42%\" id=\"attachment_75\"><div class=\"wp-block-media-text__content\">\n<div class=\"wp-block-group\"><div class=\"wp-block-group__inner-container is-layout-constrained wp-block-group-is-layout-constrained\">\n<div class=\"wp-block-group\"><div class=\"wp-block-group__inner-container is-layout-constrained wp-block-group-is-layout-constrained\">\n<p class=\"has-text-align-right\"><em>Weihnachtliches Backhaus<\/em><\/p>\n<\/div><\/div>\n<\/div><\/div>\n<\/div><figure class=\"wp-block-media-text__media\"><a href=\"https:\/\/ebersgoenser-backhausverein.de\/wp-content\/uploads\/2023\/09\/01-weihnachtsmarkt-2012.jpg\"><img loading=\"lazy\" decoding=\"async\" width=\"1024\" height=\"768\" src=\"https:\/\/ebersgoenser-backhausverein.de\/wp-content\/uploads\/2023\/09\/01-weihnachtsmarkt-2012-1024x768.jpg\" alt=\"\" class=\"wp-image-90 size-full\" srcset=\"https:\/\/ebersgoenser-backhausverein.de\/wp-content\/uploads\/2023\/09\/01-weihnachtsmarkt-2012-1024x768.jpg 1024w, https:\/\/ebersgoenser-backhausverein.de\/wp-content\/uploads\/2023\/09\/01-weihnachtsmarkt-2012-300x225.jpg 300w, https:\/\/ebersgoenser-backhausverein.de\/wp-content\/uploads\/2023\/09\/01-weihnachtsmarkt-2012-768x576.jpg 768w, https:\/\/ebersgoenser-backhausverein.de\/wp-content\/uploads\/2023\/09\/01-weihnachtsmarkt-2012.jpg 1200w\" sizes=\"auto, (max-width: 1024px) 100vw, 1024px\" \/><\/a><\/figure><\/div>\n<\/div><\/div>\n<\/div><\/div>\n\n\n\n<p>Wir wollen als Verein der Stadt Butzbach als Verhandlungspartner gegen\u00fcbertreten und eine f\u00fcr alle Beteiligten vertretbare L\u00f6sung zur Sanierung und zum Erhalt des Backhauses finden.<\/p>\n\n\n\n<p><\/p>\n\n\n\n<p>Die neue Homepage befindet sich derzeit im Aufbau.<br>A.Hedrich<br>02.10.2023<\/p>\n","protected":false},"excerpt":{"rendered":"<p>Der Ebersg\u00f6nser Backhausverein e.V. wurde gegr\u00fcndet mit dem Zweck, Orte kultureller Bedeutung, insbesondere das Backhaus, zu erhalten sowie das kulturelle und gemeinschaftliche Zusammenleben in Ebersg\u00f6ns zu f\u00f6rdern. Weihnachtliches Backhaus Wir wollen als Verein der Stadt Butzbach als Verhandlungspartner gegen\u00fcbertreten und &hellip; <a href=\"https:\/\/ebersgoenser-backhausverein.de\/index.php\/herzlich-willkommen-beim-ebersgoenser-backhausverein-e-v\/\">Weiterlesen <span class=\"meta-nav\">&rarr;<\/span><\/a><\/p>\n","protected":false},"author":2,"featured_media":0,"parent":0,"menu_order":1,"comment_status":"closed","ping_status":"closed","template":"","meta":{"footnotes":""},"class_list":["post-170","page","type-page","status-publish","hentry"],"_links":{"self":[{"href":"https:\/\/ebersgoenser-backhausverein.de\/index.php\/wp-json\/wp\/v2\/pages\/170","targetHints":{"allow":["GET"]}}],"collection":[{"href":"https:\/\/ebersgoenser-backhausverein.de\/index.php\/wp-json\/wp\/v2\/pages"}],"about":[{"href":"https:\/\/ebersgoenser-backhausverein.de\/index.php\/wp-json\/wp\/v2\/types\/page"}],"author":[{"embeddable":true,"href":"https:\/\/ebersgoenser-backhausverein.de\/index.php\/wp-json\/wp\/v2\/users\/2"}],"replies":[{"embeddable":true,"href":"https:\/\/ebersgoenser-backhausverein.de\/index.php\/wp-json\/wp\/v2\/comments?post=170"}],"version-history":[{"count":3,"href":"https:\/\/ebersgoenser-backhausverein.de\/index.php\/wp-json\/wp\/v2\/pages\/170\/revisions"}],"predecessor-version":[{"id":209,"href":"https:\/\/ebersgoenser-backhausverein.de\/index.php\/wp-json\/wp\/v2\/pages\/170\/revisions\/209"}],"wp:attachment":[{"href":"https:\/\/ebersgoenser-backhausverein.de\/index.php\/wp-json\/wp\/v2\/media?parent=170"}],"curies":[{"name":"wp","href":"https:\/\/api.w.org\/{rel}","templated":true}]}}